{"id":302,"date":"2024-06-19T13:14:07","date_gmt":"2024-06-19T13:14:07","guid":{"rendered":"https:\/\/cerrajeriaexpres24h.com\/?page_id=302"},"modified":"2024-06-19T13:18:46","modified_gmt":"2024-06-19T13:18:46","slug":"accesibilidad","status":"publish","type":"page","link":"https:\/\/cerrajeriaexpres24h.com\/en\/accesibilidad\/","title":{"rendered":"Accessibility"},"content":{"rendered":"<style>.elementor-302 .elementor-element.elementor-element-00060cb{--display:flex;}.elementor-302 .elementor-element.elementor-element-d360efc{color:#000000;}<\/style>\t\t<div data-elementor-type=\"wp-page\" data-elementor-id=\"302\" class=\"elementor elementor-302\" data-elementor-post-type=\"page\">\n\t\t\t\t<div class=\"elementor-element elementor-element-00060cb e-flex e-con-boxed e-con e-parent\" data-id=\"00060cb\" data-element_type=\"container\">\n\t\t\t\t\t<div class=\"e-con-inner\">\n\t\t\t\t<div class=\"elementor-element elementor-element-d360efc elementor-widget elementor-widget-text-editor\" data-id=\"d360efc\" data-element_type=\"widget\" data-widget_type=\"text-editor.default\">\n\t\t\t\t<div class=\"elementor-widget-container\">\n\t\t\t\t\t\t\t\t\t<p>At <strong>LocksmithExpres24h<\/strong> nos hemos marcado como objetivo prioritario que todas las personas, con independencia de su discapacidad, edad o de la tecnolog\u00eda utilizada, puedan navegar por nuestra p\u00e1gina web sin encontrar dificultades de acceso.<\/p><p>Con este prop\u00f3sito, el desarrollo de la web de <strong>LocksmithExpres24h<\/strong> se ha basado en el cumplimiento de las Pautas de Accesibilidad al Contenido en la Web 2.0 establecidas por el W3C (Consorcio de la World Wide Web).<\/p><p>Estas pautas tambi\u00e9n constituyen el n\u00facleo de est\u00e1ndares como ISO\/IEC 40500 o la norma UNE 139803:2012.<\/p><p>Algunas de las funcionalidades implementadas para permitirte acceder a todos los contenidos de la web de <strong>LocksmithExpres24h\u00a0<\/strong>con mayor facilidad son:<\/p><p>Las caracter\u00edsticas visuales de la p\u00e1gina web (tipo de letra, color de fuente y fondo, etc.) se definen mediante la hoja de estilos para que el usuario pueda ajustar el texto a sus preferencias.<\/p><p>Los tama\u00f1os de las fuentes se han definido con unidades relativas para que puedas ampliar o disminuir el tama\u00f1o de la fuente desde las opciones del navegador.<\/p><p>Si un usuario accede a <strong>https:\/\/cerrajeriaexpres24h.com\/<\/strong>\u00a0con un navegador que no soporta hoja de estilos no supondr\u00e1 una dificultad, ya que de igual manera se puede acceder a todos los contenidos con la CSS desactivada.<\/p><p>Las p\u00e1ginas tienen una estructura clara tanto para el usuario que puede ver todo el contenido como para el que lee la informaci\u00f3n empleando sistemas de apoyo como un lector de pantalla, usuarios que desactivan la hoja de estilos, etc. Bajo este objetivo, se han definido mediante el c\u00f3digo HTML los encabezados de secci\u00f3n, las listas y todos los elementos que ayudan a la comprensi\u00f3n general del sitio web.<br \/>El c\u00f3digo HTML y CSS empleado se ajusta a las gram\u00e1ticas formales para garantizar la correcta visualizaci\u00f3n de los contenidos en distintos navegadores.<\/p><p>El sitio web est\u00e1 dise\u00f1ado para que los usuarios puedan realizar una navegaci\u00f3n en alto contraste que permite distinguir entre un enlace y texto que no lo es. A excepci\u00f3n de todos aquellos enlaces que puedan ser deducidos por el contexto (men\u00fas, listas, etc.).<br \/>Incluye textos descriptivos en el atributo \u00abALT\u00bb para todas las im\u00e1genes de todas las p\u00e1ginas.<br \/>No obstante, si encuentras alguna dificultad en el acceso a la informaci\u00f3n contenida en la web de <strong>LocksmithExpres24h\u00a0<\/strong>o tienes cualquier sugerencia o consulta en relaci\u00f3n con la accesibilidad, no dudes en contactar con nosotros a trav\u00e9s del correo electr\u00f3nico <strong>info@cerrajeriaexpres24h.es<\/strong><\/p>\t\t\t\t\t\t\t\t<\/div>\n\t\t\t\t<\/div>\n\t\t\t\t\t<\/div>\n\t\t\t\t<\/div>\n\t\t\t\t<\/div>","protected":false},"excerpt":{"rendered":"<p>En CerrajeroExpres24h nos hemos marcado como objetivo prioritario que todas las personas, con independencia de su discapacidad, edad o de la tecnolog\u00eda utilizada, puedan navegar por nuestra p\u00e1gina web sin encontrar dificultades de acceso. Con este prop\u00f3sito, el desarrollo de la web de CerrajeroExpres24h se ha basado en el cumplimiento de las Pautas de Accesibilidad [&hellip;]<\/p>","protected":false},"author":3,"featured_media":0,"parent":0,"menu_order":0,"comment_status":"closed","ping_status":"closed","template":"","meta":{"_acf_changed":false,"footnotes":""},"class_list":["post-302","page","type-page","status-publish","hentry"],"acf":[],"yoast_head":"<!-- This site is optimized with the Yoast SEO plugin v26.4 - https:\/\/yoast.com\/wordpress\/plugins\/seo\/ -->\n<title>Accesibilidad - Cerrajero Expres 24h<\/title>\n<meta name=\"robots\" content=\"index, follow, max-snippet:-1, max-image-preview:large, max-video-preview:-1\" \/>\n<link rel=\"canonical\" href=\"https:\/\/cerrajeriaexpres24h.com\/en\/accesibilidad\/\" \/>\n<meta property=\"og:locale\" content=\"en_GB\" \/>\n<meta property=\"og:type\" content=\"article\" \/>\n<meta property=\"og:title\" content=\"Accesibilidad - Cerrajero Expres 24h\" \/>\n<meta property=\"og:description\" content=\"En CerrajeroExpres24h nos hemos marcado como objetivo prioritario que todas las personas, con independencia de su discapacidad, edad o de la tecnolog\u00eda utilizada, puedan navegar por nuestra p\u00e1gina web sin encontrar dificultades de acceso. Con este prop\u00f3sito, el desarrollo de la web de CerrajeroExpres24h se ha basado en el cumplimiento de las Pautas de Accesibilidad [&hellip;]\" \/>\n<meta property=\"og:url\" content=\"https:\/\/cerrajeriaexpres24h.com\/en\/accesibilidad\/\" \/>\n<meta property=\"og:site_name\" content=\"Cerrajero Expres 24h\" \/>\n<meta property=\"article:modified_time\" content=\"2024-06-19T13:18:46+00:00\" \/>\n<meta name=\"twitter:card\" content=\"summary_large_image\" \/>\n<meta name=\"twitter:label1\" content=\"Estimated reading time\" \/>\n\t<meta name=\"twitter:data1\" content=\"2 minutes\" \/>\n<script type=\"application\/ld+json\" class=\"yoast-schema-graph\">{\"@context\":\"https:\/\/schema.org\",\"@graph\":[{\"@type\":\"WebPage\",\"@id\":\"https:\/\/cerrajeriaexpres24h.com\/accesibilidad\/\",\"url\":\"https:\/\/cerrajeriaexpres24h.com\/accesibilidad\/\",\"name\":\"Accesibilidad - Cerrajero Expres 24h\",\"isPartOf\":{\"@id\":\"https:\/\/cerrajeriaexpres24h.com\/#website\"},\"datePublished\":\"2024-06-19T13:14:07+00:00\",\"dateModified\":\"2024-06-19T13:18:46+00:00\",\"breadcrumb\":{\"@id\":\"https:\/\/cerrajeriaexpres24h.com\/accesibilidad\/#breadcrumb\"},\"inLanguage\":\"en-GB\",\"potentialAction\":[{\"@type\":\"ReadAction\",\"target\":[\"https:\/\/cerrajeriaexpres24h.com\/accesibilidad\/\"]}]},{\"@type\":\"BreadcrumbList\",\"@id\":\"https:\/\/cerrajeriaexpres24h.com\/accesibilidad\/#breadcrumb\",\"itemListElement\":[{\"@type\":\"ListItem\",\"position\":1,\"name\":\"Portada\",\"item\":\"https:\/\/cerrajeriaexpres24h.com\/\"},{\"@type\":\"ListItem\",\"position\":2,\"name\":\"Accesibilidad\"}]},{\"@type\":\"WebSite\",\"@id\":\"https:\/\/cerrajeriaexpres24h.com\/#website\",\"url\":\"https:\/\/cerrajeriaexpres24h.com\/\",\"name\":\"Cerrajero Expres 24h\",\"description\":\"Cerrajer\u00eda de la Costa del Sol\",\"publisher\":{\"@id\":\"https:\/\/cerrajeriaexpres24h.com\/#organization\"},\"potentialAction\":[{\"@type\":\"SearchAction\",\"target\":{\"@type\":\"EntryPoint\",\"urlTemplate\":\"https:\/\/cerrajeriaexpres24h.com\/?s={search_term_string}\"},\"query-input\":{\"@type\":\"PropertyValueSpecification\",\"valueRequired\":true,\"valueName\":\"search_term_string\"}}],\"inLanguage\":\"en-GB\"},{\"@type\":\"Organization\",\"@id\":\"https:\/\/cerrajeriaexpres24h.com\/#organization\",\"name\":\"Cerrajero Expres 24h\",\"url\":\"https:\/\/cerrajeriaexpres24h.com\/\",\"logo\":{\"@type\":\"ImageObject\",\"inLanguage\":\"en-GB\",\"@id\":\"https:\/\/cerrajeriaexpres24h.com\/#\/schema\/logo\/image\/\",\"url\":\"https:\/\/cerrajeriaexpres24h.com\/wp-content\/uploads\/2025\/04\/logo.png\",\"contentUrl\":\"https:\/\/cerrajeriaexpres24h.com\/wp-content\/uploads\/2025\/04\/logo.png\",\"width\":734,\"height\":382,\"caption\":\"Cerrajero Expres 24h\"},\"image\":{\"@id\":\"https:\/\/cerrajeriaexpres24h.com\/#\/schema\/logo\/image\/\"}}]}<\/script>\n<!-- \/ Yoast SEO plugin. -->","yoast_head_json":{"title":"Accesibilidad - Cerrajero Expres 24h","robots":{"index":"index","follow":"follow","max-snippet":"max-snippet:-1","max-image-preview":"max-image-preview:large","max-video-preview":"max-video-preview:-1"},"canonical":"https:\/\/cerrajeriaexpres24h.com\/en\/accesibilidad\/","og_locale":"en_GB","og_type":"article","og_title":"Accesibilidad - Cerrajero Expres 24h","og_description":"En CerrajeroExpres24h nos hemos marcado como objetivo prioritario que todas las personas, con independencia de su discapacidad, edad o de la tecnolog\u00eda utilizada, puedan navegar por nuestra p\u00e1gina web sin encontrar dificultades de acceso. Con este prop\u00f3sito, el desarrollo de la web de CerrajeroExpres24h se ha basado en el cumplimiento de las Pautas de Accesibilidad [&hellip;]","og_url":"https:\/\/cerrajeriaexpres24h.com\/en\/accesibilidad\/","og_site_name":"Cerrajero Expres 24h","article_modified_time":"2024-06-19T13:18:46+00:00","twitter_card":"summary_large_image","twitter_misc":{"Estimated reading time":"2 minutes"},"schema":{"@context":"https:\/\/schema.org","@graph":[{"@type":"WebPage","@id":"https:\/\/cerrajeriaexpres24h.com\/accesibilidad\/","url":"https:\/\/cerrajeriaexpres24h.com\/accesibilidad\/","name":"Accesibilidad - Cerrajero Expres 24h","isPartOf":{"@id":"https:\/\/cerrajeriaexpres24h.com\/#website"},"datePublished":"2024-06-19T13:14:07+00:00","dateModified":"2024-06-19T13:18:46+00:00","breadcrumb":{"@id":"https:\/\/cerrajeriaexpres24h.com\/accesibilidad\/#breadcrumb"},"inLanguage":"en-GB","potentialAction":[{"@type":"ReadAction","target":["https:\/\/cerrajeriaexpres24h.com\/accesibilidad\/"]}]},{"@type":"BreadcrumbList","@id":"https:\/\/cerrajeriaexpres24h.com\/accesibilidad\/#breadcrumb","itemListElement":[{"@type":"ListItem","position":1,"name":"Portada","item":"https:\/\/cerrajeriaexpres24h.com\/"},{"@type":"ListItem","position":2,"name":"Accesibilidad"}]},{"@type":"WebSite","@id":"https:\/\/cerrajeriaexpres24h.com\/#website","url":"https:\/\/cerrajeriaexpres24h.com\/","name":"Cerrajero Expres 24h","description":"Cerrajer\u00eda de la Costa del Sol","publisher":{"@id":"https:\/\/cerrajeriaexpres24h.com\/#organization"},"potentialAction":[{"@type":"SearchAction","target":{"@type":"EntryPoint","urlTemplate":"https:\/\/cerrajeriaexpres24h.com\/?s={search_term_string}"},"query-input":{"@type":"PropertyValueSpecification","valueRequired":true,"valueName":"search_term_string"}}],"inLanguage":"en-GB"},{"@type":"Organization","@id":"https:\/\/cerrajeriaexpres24h.com\/#organization","name":"Cerrajero Expres 24h","url":"https:\/\/cerrajeriaexpres24h.com\/","logo":{"@type":"ImageObject","inLanguage":"en-GB","@id":"https:\/\/cerrajeriaexpres24h.com\/#\/schema\/logo\/image\/","url":"https:\/\/cerrajeriaexpres24h.com\/wp-content\/uploads\/2025\/04\/logo.png","contentUrl":"https:\/\/cerrajeriaexpres24h.com\/wp-content\/uploads\/2025\/04\/logo.png","width":734,"height":382,"caption":"Cerrajero Expres 24h"},"image":{"@id":"https:\/\/cerrajeriaexpres24h.com\/#\/schema\/logo\/image\/"}}]}},"_links":{"self":[{"href":"https:\/\/cerrajeriaexpres24h.com\/en\/wp-json\/wp\/v2\/pages\/302","targetHints":{"allow":["GET"]}}],"collection":[{"href":"https:\/\/cerrajeriaexpres24h.com\/en\/wp-json\/wp\/v2\/pages"}],"about":[{"href":"https:\/\/cerrajeriaexpres24h.com\/en\/wp-json\/wp\/v2\/types\/page"}],"author":[{"embeddable":true,"href":"https:\/\/cerrajeriaexpres24h.com\/en\/wp-json\/wp\/v2\/users\/3"}],"replies":[{"embeddable":true,"href":"https:\/\/cerrajeriaexpres24h.com\/en\/wp-json\/wp\/v2\/comments?post=302"}],"version-history":[{"count":4,"href":"https:\/\/cerrajeriaexpres24h.com\/en\/wp-json\/wp\/v2\/pages\/302\/revisions"}],"predecessor-version":[{"id":307,"href":"https:\/\/cerrajeriaexpres24h.com\/en\/wp-json\/wp\/v2\/pages\/302\/revisions\/307"}],"wp:attachment":[{"href":"https:\/\/cerrajeriaexpres24h.com\/en\/wp-json\/wp\/v2\/media?parent=302"}],"curies":[{"name":"wp","href":"https:\/\/api.w.org\/{rel}","templated":true}]}}